{"id":11,"date":"2012-02-01T13:56:56","date_gmt":"2012-02-01T13:56:56","guid":{"rendered":"http:\/?page_id=11"},"modified":"2019-06-04T17:22:08","modified_gmt":"2019-06-04T17:22:08","slug":"publications","status":"publish","type":"page","link":"https:\/\/www.thehorseinart.nl\/?page_id=11","title":{"rendered":"Publications"},"content":{"rendered":"<p><strong>Here\u00a0the few journals\u00a0on the subject are listed, and\u00a0a\u00a0core list of\u00a0books on\u00a0the horse in art and history. Articles on this subject are mostly published in\u00a0journals about\u00a0history, anthropology, archeology and the arts,\u00a0and they are difficult to find.\u00a0 We would like to list more of such articles, so\u00a0suggestions are\u00a0much appreciated. A b<\/strong><strong>ookseller&#8217;s website spezialized in horses and art is <\/strong><a href=\"http:\/\/www.bledsoebooks.com\/shop\/bledsoe\/horse.html?id=97m7NqAv\" target=\"_blank\" rel=\"noopener noreferrer\">Robin Bledsoe Bookseller, Cambridge MA, USA<\/a><\/p>\n<p><strong>Journals<\/strong><\/p>\n<p>United States of America:<\/p>\n<p><a href=\"http:\/\/www.horsesinart.com\/\">Horses in Art,\u00a0 an international quarterly publication<\/a>, Wichita Falls TX<\/p>\n<p><a href=\"http:\/\/www.nationalsporting.org\/nslm\/newsletters\">Newsletter of the National Sporting Library &amp; Museum<\/a>, Middleburg VA<\/p>\n<p><a href=\"http:\/\/www.arthorsemagazine.com\/main.html\">Art Horse Magazine<\/a>, the international journal of art, history, and horses, Beaumont TX<\/p>\n<p>Great Britain:<\/p>\n<p><a href=\"http:\/\/www.bsat.co.uk\/\">Newsletter of The British Sporting Art Trust<\/a>,\u00a0and Essays, Newmarket<\/p>\n<p><strong>Articles:<\/strong><\/p>\n<p><a href=\"http:\/\/archaeology.about.com\/od\/domestications\/qt\/horses.htm\">Horse History and Domestication of the Horse, by K. Kris Hirst<\/a><em>, on the website about.com<\/em><\/p>\n<p><strong>Books<\/strong><\/p>\n<p><a href=\"https:\/\/www.amazon.com\/Das-Pferd-als-Symbol-kulturellen\/dp\/3596104734\">Das Pferd als Symbol: zur kulturellen Bedeutung einer Symbiose, by Marlene Baum, 276 pp., 82 illustrations, Fischer Verlag, Frankfurt 1991<\/a><\/p>\n<p><a href=\"http:\/\/www.brill.com\/cn\/products\/book\/great-books-horsemanship-0\">Great books on horsemanship: Bibliotheca Hippologica Johan Dejager, compiled and edited by Koert van der Horst, 784 p., 1029 illustrations, Leiden 2014<\/a><\/p>\n<p><a href=\"http:\/\/equestrianstatue.org\/general\/\">From Marcus Aurelius to Kim Jong-il: the story of equestrian statues throughout the ages, by Kees van Tilburg, 424 pages, 700 photographs, Amsterdam 2017<\/a><\/p>\n<p><a href=\"http:\/\/www.fayard.fr\/meme-auteur\/97012\" target=\"_blank\" rel=\"noopener noreferrer\">La culture \u00e9questre de l&#8217;Occident XVIe-XIXe si\u00e8cle: l&#8217;ombre du cheval. Tome 1 Le cheval moteur, 482 &#8211; Tome 2 La gloire et la puissance: essai sur la distinction du cheval, 499 p. &#8211; Tome 3 Connaissance et passion, 496 p. par Daniel Roche, Paris 2008-2015<\/a><\/p>\n<p><a href=\"http:\/\/shop.xenophonpress.com\/Federico-Grisones-The-Rules-of-Riding-Gli-ordini-di-cavalcare-6129.htm\">Federico Grisone&#8217; s <em>The<\/em> <em>Rules<\/em> <em>of Riding, <\/em><span style=\"text-decoration: underline;\">an edited translation of the first renaissance treatise on classical horsemanship, by Elisabeth M. Tobey &amp; Federica Deigan, XXII, 628 pages [Medieval and Renaissance Texts and Studies, 454], Tempe AZ 2014<\/span><\/a><\/p>\n<p><a href=\"https:\/\/www.amazon.fr\/histoire-l%C3%A9quitation-fran%C3%A7aise-Guillaume-Henry\/dp\/2701180937\">Une histoire de l&#8217;\u00e9quitation fran\u00e7aise, par Guillaume Henry (text)\u00a0&amp; Marine Oussedik (illustrations), 128 pages, Paris 2014.<\/a><\/p>\n<p><a href=\"http:\/\/elaine-walker.com\/duke-of-newcastle\/\" target=\"_blank\" rel=\"noopener noreferrer\">&#8216; To amaze the people with pleasure and Delight &#8216;: the horsemanship manuals of William Cavendish, Duke of Newcastle, by Elaine Walker. 238 pages, 2010 [The equestrian wisdom and history series]<\/a>.<\/p>\n<p><a href=\"http:\/\/www.wbooks.com\/paard-ruiter.html\">Paard en ruiter op de steppe van Mongoli\u00eb, door Jan Bemmann, Johannes Gieszauf, Gontsjigs\u00fcren Nomguuns\u00fcren, Veronika Veit,\u00a0 Annemarie Stauffer, Suzanna Sch\u00fctz, Christoph Rauch e.a.. 96 pages, Zwolle 2012.<\/a><\/p>\n<p><a href=\"http:\/\/www.olms-pferdebuch.de\/search\/Detail.aspx?pr=2003013\" target=\"_blank\" rel=\"noopener noreferrer\">Driving: the horse, the man, and the carriage from 1700 up to the present day, by Andreas Furger. [Documenta Hippologica], 325 pages, Georg Olms Verlag, Hildesheim 2009.<\/a><\/p>\n<p><a href=\"https:\/\/www.abebooks.co.uk\/servlet\/SearchResults?kn=the+horse+in+art+baskett&amp;sts=t\">The Horse in Art, by John Baskett<\/a>. 192 pages. New Haven 2006.<\/p>\n<p><a href=\"http:\/\/www.abebooks.co.uk\/book-search\/isbn\/0898352673\/page-1\/\" target=\"_blank\" rel=\"noopener noreferrer\">The Royal Horse and Rider: Painting, Sculpture and Horsemanship 1500-1800, by Walter Liedtke. 336 pages. Abaris Books\/The Metropolitan Museum of Art, New York 1989.<\/a><\/p>\n<p><a href=\"http:\/\/en.rusmuseum.ru\/editions\/catalogues-albums\/2001\/horses-in-russian-art\/\">Horses in Russian Art; from the Russian Museum in St. Petersburg<\/a>, edited\u00a0 by Yevgenia Petrova. 224 pages. State Russian Museum, St Petersburg 2001.<\/p>\n<p>El Caballo en el Arte Mexicana, by Eduardo B\u00e1ez Mac\u00edas, Graciella Romandia de Cant\u00fa, Elia Espinosa. 207 pages. Fomento Cultural Banamex, Mexico 1994.<\/p>\n<p>Les Chevaux de Paris, by Rosine Mazin, Marc Gaillard. Photographs and data on the 110 public equestrian monuments in Paris. Editions Herm\u00e9, Paris 1986.<\/p>\n<p>Ross und Reiter in der Skulptur des XX. Jahrhunderts, by Martina Rudloff, Albrecht Seufert. 192 pages. Gerhard Marcks Stiftung, Bremen 1991.<\/p>\n<p><a href=\"http:\/\/www.tfaoi.com\/aa\/9aa\/9aa399.htm\">Hoofbeats and Heartbeats: the Horse in American Art, by Ingrid Cartwright and Janie Welker. <\/a>98 pages. The Art Museum at the University of Kentucky,\u00a02010.<\/p>\n<p><a href=\"http:\/\/www.actes-sud.fr\/catalogue\/actes-sud-beaux-arts\/la-majeste-des-centaures\">La Majest\u00e9 des Centaures: le Portrait \u00c9questre dans la Peinture Occidentale, by Nicolas Chaudun.<\/a> 172 pages.\u00a0Paris 2006.<\/p>\n<p><a href=\"http:\/\/recherche.fnac.com\/ia84801\/Jean-Pierre-Digard\">Chevaux et Cavaliers Arabes dans les Arts d&#8217;Orient et d&#8217;Occident,\u00a0sous la direction de Jean-Pierre Digard<\/a>. 304 pages. Institut du Monde Arabe.\u00a0Paris 2002.<\/p>\n<p><a href=\"http:\/\/www.birgitschumacher.de\/16.html\">Pferde: Meisterwerke des Pferde- und Reiterbildes, by Birgit Schumacher<\/a>. 198 pages.\u00a0Stuttgart 1994.<\/p>\n<p>In het Zadel: het Nederlands Ruiterportret van 1550 tot 1900, by Charles Dumas. 128 pages. Dienst Verspreide Rijkscollecties, Den Haag 1980.<\/p>\n<p>Horses and Humanity in Japan, by <a href=\"http:\/\/knowledgecenter.unr.edu\/specoll\/mss\/99-38.html\">James F. Downs<\/a>, Miwa Karoku, Suezaki Masumi, Motoyoshi Shigekatsu. 208 pages. The Japan Association for International Horse Racing, Tokyo 1999.<\/p>\n<p><a href=\"https:\/\/www.history.ac.uk\/reviews\/review\/657\">Horse and Man in Early Modern England, by Peter Edwards<\/a>. 340 pages. London 2007<\/p>\n<p><a href=\"http:\/\/www.brill.nl\/horse-cultural-icon\">The Horse as a Cultural Icon: the Real and the Symbolic Horse in the Early Modern World, edited by Peter Edwards, Karl A.E. Enenkel, Elspeth Graham<\/a>. Leiden 2011.<\/p>\n<p><a href=\"https:\/\/bibliotheques-specialisees.paris.fr\/in\/faces\/browse.xhtml?query=Editeur%3A+%22Association+pour+l%27acad%C3%A9mie+d%27art+%C3%A9questre+de+Versailles%22\" target=\"_blank\" rel=\"noopener noreferrer\">\u00c0 Cheval ! \u00c9cuyers, Amazones &amp; Cavaliers du XIVe au XXI si\u00e8cle, sous la direction de Daniel Roche et Daniel Reytier<\/a>. 400 pages. Association pour l&#8217;Acad\u00e9mie d&#8217;Art \u00c9questre de Versailles,\u00a0Paris 2007.<\/p>\n<p><a href=\"https:\/\/bibliotheques-specialisees.paris.fr\/in\/faces\/browse.xhtml?query=Editeur%3A+%22Association+pour+l%27acad%C3%A9mie+d%27art+%C3%A9questre+de+Versailles%22\" target=\"_blank\" rel=\"noopener noreferrer\">Le Cheval et la Guerre du XVe\u00a0au XXe Si\u00e8cle, sous la direction de Daniel Roche et Daniel Reytier<\/a>. 400 pages. Association pour l&#8217;Acad\u00e9mie d&#8217;Art \u00c9questre de Versailles,\u00a0Paris 2002.<\/p>\n<p><a href=\"https:\/\/bibliotheques-specialisees.paris.fr\/in\/faces\/browse.xhtml?query=Editeur%3A+%22Association+pour+l%27acad%C3%A9mie+d%27art+%C3%A9questre+de+Versailles%22\" target=\"_blank\" rel=\"noopener noreferrer\">Voitures, Chevaux et Attelages du XVIe au XIXe Si\u00e8cle, sous la direction de Daniel Roche et Daniel Reytier<\/a>, 368 pages. Association pour l&#8217;Acad\u00e9mie d&#8217;Art \u00c9questre de Versailles,\u00a0Paris .2000.<\/p>\n<p><a href=\"https:\/\/bibliotheques-specialisees.paris.fr\/in\/faces\/browse.xhtml?query=Editeur%3A+%22Association+pour+l%27acad%C3%A9mie+d%27art+%C3%A9questre+de+Versailles%22\" target=\"_blank\" rel=\"noopener noreferrer\">Les \u00c9curies Royales du XVIe au XVIIe Si\u00e9cle, sous la direction de Daniel Roche et Daniel Reytier<\/a>, 320 pages. Association pour l&#8217;Acad\u00e9mie d&#8217;Art \u00c9questre de Versailles,\u00a0Paris 1998.<\/p>\n<p><a href=\"http:\/\/press.princeton.edu\/titles\/8488.html\">The Horse, the Wheel and\u00a0Language: How Bronze-Age Riders from the Eurasian Steppes Shaped the Modern World, by David Anthony.<\/a> 553 pages. Princeton University Press, Princeton 2007.<\/p>\n","protected":false},"excerpt":{"rendered":"<p>Here\u00a0the few journals\u00a0on the subject are listed, and\u00a0a\u00a0core list of\u00a0books on\u00a0the horse in art and history. Articles on this subject are mostly published in\u00a0journals about\u00a0history, anthropology, archeology and the arts,\u00a0and they are difficult to find.\u00a0 We would like to list more of such articles, so\u00a0suggestions are\u00a0much appreciated. A bookseller&#8217;s website spezialized in horses and art &hellip; <a href=\"https:\/\/www.thehorseinart.nl\/?page_id=11\" class=\"more-link\">Lees verder <span class=\"screen-reader-text\">Publications<\/span> <span class=\"meta-nav\">&rarr;<\/span><\/a><\/p>\n","protected":false},"author":1,"featured_media":0,"parent":0,"menu_order":0,"comment_status":"open","ping_status":"open","template":"","meta":{"footnotes":""},"class_list":["post-11","page","type-page","status-publish","hentry"],"yoast_head":"<!-- This site is optimized with the Yoast SEO plugin v27.5 - https:\/\/yoast.com\/product\/yoast-seo-wordpress\/ -->\n<title>Important publications on the horse in art and history<\/title>\n<meta name=\"description\" content=\"Books, journals, articles on the role of the horse in cultural history, arts and history\" \/>\n<meta name=\"robots\" content=\"index, follow, max-snippet:-1, max-image-preview:large, max-video-preview:-1\" \/>\n<link rel=\"canonical\" href=\"https:\/\/www.thehorseinart.nl\/?page_id=11\" \/>\n<meta property=\"og:locale\" content=\"nl_NL\" \/>\n<meta property=\"og:type\" content=\"article\" \/>\n<meta property=\"og:title\" content=\"Important publications on the horse in art and history\" \/>\n<meta property=\"og:description\" content=\"Books, journals, articles on the role of the horse in cultural history, arts and history\" \/>\n<meta property=\"og:url\" content=\"https:\/\/www.thehorseinart.nl\/?page_id=11\" \/>\n<meta property=\"og:site_name\" content=\"The Horse in Art\" \/>\n<meta property=\"article:publisher\" content=\"https:\/\/www.facebook.com\/boudewijn.commandeur\" \/>\n<meta property=\"article:modified_time\" content=\"2019-06-04T17:22:08+00:00\" \/>\n<meta name=\"twitter:card\" content=\"summary_large_image\" \/>\n<meta name=\"twitter:label1\" content=\"Verwachte leestijd\" \/>\n\t<meta name=\"twitter:data1\" content=\"4 minuten\" \/>\n<script type=\"application\/ld+json\" class=\"yoast-schema-graph\">{\"@context\":\"https:\\\/\\\/schema.org\",\"@graph\":[{\"@type\":\"WebPage\",\"@id\":\"https:\\\/\\\/www.thehorseinart.nl\\\/?page_id=11\",\"url\":\"https:\\\/\\\/www.thehorseinart.nl\\\/?page_id=11\",\"name\":\"Important publications on the horse in art and history\",\"isPartOf\":{\"@id\":\"https:\\\/\\\/www.thehorseinart.nl\\\/#website\"},\"datePublished\":\"2012-02-01T13:56:56+00:00\",\"dateModified\":\"2019-06-04T17:22:08+00:00\",\"description\":\"Books, journals, articles on the role of the horse in cultural history, arts and history\",\"breadcrumb\":{\"@id\":\"https:\\\/\\\/www.thehorseinart.nl\\\/?page_id=11#breadcrumb\"},\"inLanguage\":\"nl-NL\",\"potentialAction\":[{\"@type\":\"ReadAction\",\"target\":[\"https:\\\/\\\/www.thehorseinart.nl\\\/?page_id=11\"]}]},{\"@type\":\"BreadcrumbList\",\"@id\":\"https:\\\/\\\/www.thehorseinart.nl\\\/?page_id=11#breadcrumb\",\"itemListElement\":[{\"@type\":\"ListItem\",\"position\":1,\"name\":\"Home\",\"item\":\"https:\\\/\\\/www.thehorseinart.nl\\\/\"},{\"@type\":\"ListItem\",\"position\":2,\"name\":\"Publications\"}]},{\"@type\":\"WebSite\",\"@id\":\"https:\\\/\\\/www.thehorseinart.nl\\\/#website\",\"url\":\"https:\\\/\\\/www.thehorseinart.nl\\\/\",\"name\":\"The Horse in Art\",\"description\":\"The Role of the Horse in Art and History\",\"potentialAction\":[{\"@type\":\"SearchAction\",\"target\":{\"@type\":\"EntryPoint\",\"urlTemplate\":\"https:\\\/\\\/www.thehorseinart.nl\\\/?s={search_term_string}\"},\"query-input\":{\"@type\":\"PropertyValueSpecification\",\"valueRequired\":true,\"valueName\":\"search_term_string\"}}],\"inLanguage\":\"nl-NL\"}]}<\/script>\n<!-- \/ Yoast SEO plugin. -->","yoast_head_json":{"title":"Important publications on the horse in art and history","description":"Books, journals, articles on the role of the horse in cultural history, arts and history","robots":{"index":"index","follow":"follow","max-snippet":"max-snippet:-1","max-image-preview":"max-image-preview:large","max-video-preview":"max-video-preview:-1"},"canonical":"https:\/\/www.thehorseinart.nl\/?page_id=11","og_locale":"nl_NL","og_type":"article","og_title":"Important publications on the horse in art and history","og_description":"Books, journals, articles on the role of the horse in cultural history, arts and history","og_url":"https:\/\/www.thehorseinart.nl\/?page_id=11","og_site_name":"The Horse in Art","article_publisher":"https:\/\/www.facebook.com\/boudewijn.commandeur","article_modified_time":"2019-06-04T17:22:08+00:00","twitter_card":"summary_large_image","twitter_misc":{"Verwachte leestijd":"4 minuten"},"schema":{"@context":"https:\/\/schema.org","@graph":[{"@type":"WebPage","@id":"https:\/\/www.thehorseinart.nl\/?page_id=11","url":"https:\/\/www.thehorseinart.nl\/?page_id=11","name":"Important publications on the horse in art and history","isPartOf":{"@id":"https:\/\/www.thehorseinart.nl\/#website"},"datePublished":"2012-02-01T13:56:56+00:00","dateModified":"2019-06-04T17:22:08+00:00","description":"Books, journals, articles on the role of the horse in cultural history, arts and history","breadcrumb":{"@id":"https:\/\/www.thehorseinart.nl\/?page_id=11#breadcrumb"},"inLanguage":"nl-NL","potentialAction":[{"@type":"ReadAction","target":["https:\/\/www.thehorseinart.nl\/?page_id=11"]}]},{"@type":"BreadcrumbList","@id":"https:\/\/www.thehorseinart.nl\/?page_id=11#breadcrumb","itemListElement":[{"@type":"ListItem","position":1,"name":"Home","item":"https:\/\/www.thehorseinart.nl\/"},{"@type":"ListItem","position":2,"name":"Publications"}]},{"@type":"WebSite","@id":"https:\/\/www.thehorseinart.nl\/#website","url":"https:\/\/www.thehorseinart.nl\/","name":"The Horse in Art","description":"The Role of the Horse in Art and History","potentialAction":[{"@type":"SearchAction","target":{"@type":"EntryPoint","urlTemplate":"https:\/\/www.thehorseinart.nl\/?s={search_term_string}"},"query-input":{"@type":"PropertyValueSpecification","valueRequired":true,"valueName":"search_term_string"}}],"inLanguage":"nl-NL"}]}},"_links":{"self":[{"href":"https:\/\/www.thehorseinart.nl\/index.php?rest_route=\/wp\/v2\/pages\/11","targetHints":{"allow":["GET"]}}],"collection":[{"href":"https:\/\/www.thehorseinart.nl\/index.php?rest_route=\/wp\/v2\/pages"}],"about":[{"href":"https:\/\/www.thehorseinart.nl\/index.php?rest_route=\/wp\/v2\/types\/page"}],"author":[{"embeddable":true,"href":"https:\/\/www.thehorseinart.nl\/index.php?rest_route=\/wp\/v2\/users\/1"}],"replies":[{"embeddable":true,"href":"https:\/\/www.thehorseinart.nl\/index.php?rest_route=%2Fwp%2Fv2%2Fcomments&post=11"}],"version-history":[{"count":107,"href":"https:\/\/www.thehorseinart.nl\/index.php?rest_route=\/wp\/v2\/pages\/11\/revisions"}],"predecessor-version":[{"id":2194,"href":"https:\/\/www.thehorseinart.nl\/index.php?rest_route=\/wp\/v2\/pages\/11\/revisions\/2194"}],"wp:attachment":[{"href":"https:\/\/www.thehorseinart.nl\/index.php?rest_route=%2Fwp%2Fv2%2Fmedia&parent=11"}],"curies":[{"name":"wp","href":"https:\/\/api.w.org\/{rel}","templated":true}]}}