{"id":6,"date":"2012-02-01T13:56:56","date_gmt":"2012-02-01T13:56:56","guid":{"rendered":"http:\/?page_id=6"},"modified":"2018-02-14T15:56:06","modified_gmt":"2018-02-14T15:56:06","slug":"museums","status":"publish","type":"page","link":"https:\/\/www.thehorseinart.nl\/?page_id=6","title":{"rendered":"Museums"},"content":{"rendered":"<p>&nbsp;<\/p>\n<p><strong>The following museums are devoted to the horse or to carriages and play an important role in their art and history.\u00a0<\/strong><\/p>\n<p>The Netherlands:<\/p>\n<p><a href=\"http:\/\/www.museumnienoord.nl\/\">Nationaal Rijtuigmuseum Nienoord, Leek<\/a><\/p>\n<p><a href=\"http:\/\/levendpaardenmuseum.nl\/over-ons\/\" target=\"_blank\" rel=\"noopener\">De Hollandsche Manege, Levend Paardenmuseum, Vondelstraat 140, Amsterdam<\/a><\/p>\n<p><a href=\"http:\/\/www.cavaleriemuseum.nl\/\">Museum Nederlandse Cavalerie, Bernhar<span style=\"display: inline !important; float: none; background-color: transparent; color: #333333; font-family: Georgia,'Times New Roman','Bitstream Charter',Times,serif; font-size: 16px; font-style: normal; font-variant: normal; font-weight: 400; letter-spacing: normal; line-height: 24px; orphans: 2; text-align: left; text-decoration: none; text-indent: 0px; text-transform: none; -webkit-text-stroke-width: 0px; white-space: normal; word-spacing: 0px; word-wrap: break-word;\">M<\/span>dkazerne, Amersfoort<\/a><\/p>\n<p><a href=\"http:\/\/www.streekmuseumbaronvanbrakell.nl\/\">Streekmuseum Baron van Brakel, Boerenwagens, Ommeren<\/a><\/p>\n<p><a href=\"http:\/\/www.museumvreeburg.nl\/pg-31162-7-102775\/pagina\/welkom.html\">Boerderij- en Rijtuigmuseum Vreeburg, Schagen<\/a><\/p>\n<p><a href=\"http:\/\/www.rijtuigenmuseumvalkenswaard.nl\/\">Rijtuigenmuseum Valkenswaard<\/a><\/p>\n<p>Germany:<\/p>\n<p><a href=\"http:\/\/www.dpm-verden.de\/\">Deutsches Pferdemuseum, Verden <\/a><\/p>\n<p><a href=\"http:\/\/www.pferdemuseum.de\/\">Westf\u00e4lisches Pferdemuseum, M\u00fcnster<\/a><\/p>\n<p><a href=\"http:\/\/www.schloss-nymphenburg.de\/deutsch\/marstall\/index.htm\" target=\"_blank\" rel=\"noopener\">Marstallmuseum, Nymphenburger Schloss, M\u00fcnchen<\/a><\/p>\n<p><a href=\"http:\/\/www.ag-kultur.de\/ndskutmu.htm\">Nieders\u00e4chsisches Kutschenmuseum, Lilienthal-Trupe<\/a><\/p>\n<p><a href=\"https:\/\/www.thurnundtaxis.de\/museen\/marstall\/\" target=\"_blank\" rel=\"noopener\">Das Marstallmuseum, F\u00fcrstliches Schloss Thurn und Taxis, Regensburg<\/a><\/p>\n<p>France:<\/p>\n<p><a href=\"http:\/\/www.domainedechantilly.com\/fr\/accueil\/grandes-ecuries\/\" target=\"_blank\" rel=\"noopener\">Domaine de Chantilly<\/a>, le Mus\u00e9e du Cheval, Chantilly<\/p>\n<p><a href=\"http:\/\/www.musees-senlis.fr\/Musee-de-la-Venerie\/historique-du-musee-art-et-chasse.html\">Mus\u00e9e de la V\u00e9nerie, Senlis<\/a><\/p>\n<p><a href=\"http:\/\/musee-des-spahis-senlis.asso-web.com\/\">Le Mus\u00e9e des Spahis, Senlis<\/a><\/p>\n<p><a href=\"http:\/\/www.montpoupon.com\/le-musee\/\" target=\"_blank\" rel=\"noopener\">Mus\u00e9e du Veneur, Ch\u00e2teau de Montpoupon, C\u00e9r\u00e9-la-Ronde<\/a><\/p>\n<p><a href=\"http:\/\/fondationfrancoissommer.org\/culture\/le-musee\/\" target=\"_blank\" rel=\"noopener\">Mus\u00e9e de la Chasse et de la Nature, Paris<\/a><\/p>\n<p>Mus\u00e9e de la Collection Priv\u00e9e Herm\u00e8s, 24 Rue du Faubourg Saint Honor\u00e9, Paris, T 0033 140174836<\/p>\n<p><a href=\"http:\/\/www.chateaux-france.com\/gien\">Mus\u00e9e de la Chasse, Ch\u00e2teau de Gien, Gien<\/a><\/p>\n<p><a href=\"http:\/\/www.ville-saumur.fr\/decouvrir-saumur\/tourisme\/musees\/item\/le-musee-d-art-decoratifs-et-le-musee-du-cheval\" target=\"_blank\" rel=\"noopener\">Mus\u00e9e du Cheval, Ch\u00e2teau de Saumur, Saumur<\/a><\/p>\n<p><a href=\"http:\/\/museecavalerie.free.fr\/\">Mus\u00e9e de la Cavalerie, Saumur<\/a><\/p>\n<p><a href=\"http:\/\/www.versailles-tourisme.com\/decouvrir\/patrimoine-chateau-ville\/a-voir-aussi\/le-musee-des-carrosses.html\">Mus\u00e9e des Carrosses, La Grande Ecurie du Ch\u00e2teau de Versailles<\/a><\/p>\n<p><a href=\"http:\/\/www.maisonslaffitte.net\/musee.htm\">Mus\u00e9e du Cheval de Course, Maisons-Laffitte<\/a><\/p>\n<p><a href=\"http:\/\/palaisdecompiegne.fr\/decouvrir\/le-musee-national-de-la-voiture-et-du-tourisme\">Le Mus\u00e9e de la Voiture et du Tourisme, Ch\u00e2teau de Compi\u00e8gne, Compi\u00e8gne<\/a><\/p>\n<p><a href=\"http:\/\/traindesequipages.blogspot.nl\/2009\/01\/muse-du-train-et-des-quipages.html\">Mus\u00e9e du Train et des Equipages Militaires<\/a>, Tours<\/p>\n<p>Mus\u00e9e de la voiture \u00e0 cheval, 56, Rue de Borchamp, 71110 Marcigny, franck.lacroix71@orange.fr<\/p>\n<p><a href=\"http:\/\/www.ville-nogent-le-rotrou.fr\/musee-chateau-st-jean\/398-les-collections\">Mus\u00e9e Ch\u00e2teau Saint Jean,<\/a>\u00a0Objects related to the breeding of the Percheron horse, Nogent-le-Rotrou, Nogent-le-Rotrou<\/p>\n<p>Austria:<\/p>\n<p><a href=\"http:\/\/www.visitingvienna.com\/schonbrunn\/wagenburg\/\">Wagenburg, Sch\u00f6nbrunn Palace, Vienna<\/a><\/p>\n<p>Italy:<\/p>\n<p><a href=\"http:\/\/www.museodelcavallogiocattolo.it\/storia.asp\">Museo del Cavallo Giocattolo<\/a> (Museum of Toy Horses),\u00a0Grandate(CO)<\/p>\n<p><a href=\"http:\/\/www.provincia.vt.it\/turismo\/museiDett.asp?ID=6\" target=\"_blank\" rel=\"noopener\">Il Cavallo e l&#8217;Uomo, section of Museo Civico Gustavo VI Adolfo di Svecia, Blera (VT)<\/a><\/p>\n<p>Czechia:<\/p>\n<p><a href=\"http:\/\/www.slatinany.websnadno.cz\/HIPOLOGICKE-MUZEUM.html\">Slatinany Castle Horse Museum, Slatinany<\/a><\/p>\n<p>Portugal:<\/p>\n<p><a href=\"http:\/\/www.museudoscoches.pt\/\" target=\"_blank\" rel=\"noopener\">The National Coach Museum, Lisbon<\/a><\/p>\n<p>Poland:<\/p>\n<p><a href=\"https:\/\/muzeum.warszawa.pl\/?lang=en\">Museum of Hunting and Horsemanship, Warsaw (Muzeum Lowiectwa i Jezdziectwa)<\/a><\/p>\n<p>Denmark:<\/p>\n<p><a href=\"https:\/\/historiehaderslev.dk\/en\/the-schleswig-carriage-collection\/\" target=\"_blank\" rel=\"noopener\">The Schleswig Carriage Collection, Haderslev<\/a><\/p>\n<p>Great Britain:<\/p>\n<p><a href=\"https:\/\/www.palacehousenewmarket.co.uk\/\">National Heritage Centre for Horseracing and Sporting Art, Newmarket<\/a><\/p>\n<p><a href=\"http:\/\/www.householdcavalrymuseum.co.uk\/\">Household Cavalry Museum, London<\/a><\/p>\n<p><a href=\"http:\/\/www.museumofthehorse.org\/\">Museum of the Horse<\/a>, virtual<\/p>\n<p><a href=\"http:\/\/suffolkhorsesociety.org.uk\/the-museum\/\">Suffolk Horse Society, The Museum<\/a>, Woodbridge, Suffolk<\/p>\n<p>Turkey:<\/p>\n<p><a href=\"http:\/\/www.tjk.org\/EN\/Kurumsal\/Static\/Page\/Hipodromlar\" target=\"_blank\" rel=\"noopener\">Museum of the Turkish Jockey Club at Veliefendi Hippodrome, Istanbul<\/a><\/p>\n<p>South Africa:<\/p>\n<p><a href=\"http:\/\/www.sa-venues.com\/things-to-do\/northerncape\/visit-the-richmond-horse-museum\/\" target=\"_blank\" rel=\"noopener\">Richmond Horse Museum, Richmond, Northern Cape<\/a><\/p>\n<p>Russia:<\/p>\n<p><a href=\"https:\/\/www.wheretraveler.com\/moscow\/horse-breeding-museum\">Academia Timiriazev Horse Breeding Museum, Moscow<\/a><\/p>\n<p>Canada:<\/p>\n<p><a href=\"http:\/\/fortgarryhorse.ca\/wp\/\" target=\"_blank\" rel=\"noopener\">The Fort Garry Horse Museum and Archives, Winnipeg, Manitoba<\/a><\/p>\n<p>Unites States of America:<\/p>\n<p><a href=\"http:\/\/www.cartermuseum.org\/\">Amon Carter Museum for American Art, Fort Worth TX<\/a><\/p>\n<p><a href=\"http:\/\/www.derbymuseum.org\/\">Kentucky Derby Museum, Louisville KY<\/a><\/p>\n<p><a href=\"http:\/\/www.asbmuseum.org\/\">American Saddlebred Museum, Kentucky Horse Park, Lexington KY<\/a><\/p>\n<p><a href=\"http:\/\/imh.org\/\">International Museum of the Horse, Kentucky Horse Park, Lexington KY<\/a><\/p>\n<p><a href=\"http:\/\/www.imh.org\/exhibits\/current\/al-marah-arabian-horse-galleries\">Al-Marah Arabian Horse Galleries,\u00a0Kentucky Horse Park, Lexington KY<\/a><\/p>\n<p><a href=\"http:\/\/www.horsecenter.org\/view.asp?id=workhorse\">American Work Horse Museum, Virginia Horse Center,\u00a0Lexington VA<\/a><\/p>\n<p><a href=\"https:\/\/www.racingmuseum.org\/\">National Museum of Racing and Hall of Fame, Saratoga Springs NY<\/a><\/p>\n<p><a href=\"http:\/\/nsl.org\/\">National Sporting Library and Museum, Middleburg VA<\/a><\/p>\n<p><a href=\"https:\/\/theautry.org\/\">Autry Museum of the American West, Los Angeles CA<\/a><\/p>\n<p><a href=\"http:\/\/www.harnessmuseum.com\/\">Harness Racing Museum &amp; Hall of Fame, Goshen NY<\/a><\/p>\n<p><a href=\"http:\/\/collections.britishart.yale.edu\/vufind\/Search\/Results?join=AND&amp;lookfor0%5B%5D=sporting+art&amp;type0%5B%5D=allfields&amp;bool0%5B%5D=AND&amp;lookfor1%5B%5D=&amp;type1%5B%5D=title&amp;bool1%5B%5D=AND&amp;lookfor2%5B%5D=&amp;type2%5B%5D=author&amp;bool2%5B%5D=AND&amp;lookfor3%5B%5D=&amp;type3%5B%5D=earliestDate&amp;bool3%5B%5D=AND&amp;lookfor4%5B%5D=&amp;type4%5B%5D=topic&amp;bool4%5B%5D=AND&amp;lookfor5%5B%5D=&amp;type5%5B%5D=geographic&amp;bool5%5B%5D=AND\">Yale Center for British Art, New Haven CT <\/a>(includes sporting art)<\/p>\n<p><a href=\"http:\/\/museumofthehorsesoldier.com\/\">Museum of the Horse Soldier<\/a>, Tucson AZ<\/p>\n<p><a href=\"http:\/\/www.ponyexpress.org\/\">Pony Express Museum<\/a>, St. Joseph MS<\/p>\n<p><a href=\"https:\/\/www.aqha.com\/museum\">American Quarter Horse, Hall of Fame and Museum<\/a>, Amarillo TX<\/p>\n<p><a href=\"http:\/\/www.appaloosamuseum.com\/about\">Appaloosa Museum, Moscow ID<\/a><\/p>\n<p>Japan:<\/p>\n<p><a href=\"http:\/\/www.merit5.co.jp\/citylifenews\/culture\/horses\/horses.html\">Equine Museum of Japan, Yokohama-shi<\/a><\/p>\n<p><a href=\"http:\/\/japanracing.jp\/en\/jpn-racing\/jra-organization\/museum.html\">Japan Racing Museum<\/a>, Equestrian Park, Tokyo<\/p>\n<p>China:<\/p>\n<p><a href=\"http:\/\/gochina.about.com\/od\/whattosee\/p\/TC_Army.htm\" target=\"_blank\" rel=\"noopener\">Quin Shi Huang Terracotta Warriors and Horses Museum, Xi&#8217;An City<\/a><\/p>\n<p><a href=\"http:\/\/www.goldmantis.com\/jtl2013\/en\/al.asp?id=3971\">Horse Culture Museum Heilan,\u00a0Jiangyin, province of Jiangsu<\/a><\/p>\n<p>Spain:<\/p>\n<p><a href=\"http:\/\/www.realescuela.org\/museoarte.htm\">Museo del Arte Ecuestre<\/a>, Jerez\u00a0de la Frontera<\/p>\n<p>Switzerland:<\/p>\n<p><a href=\"http:\/\/www.muche.ch\/index.php?path=muche\/introduction&amp;lang=fr\">Mus\u00e9e Suisse du Cheval<\/a>, La Sarraz<\/p>\n","protected":false},"excerpt":{"rendered":"<p>&nbsp; The following museums are devoted to the horse or to carriages and play an important role in their art and history.\u00a0 The Netherlands: Nationaal Rijtuigmuseum Nienoord, Leek De Hollandsche Manege, Levend Paardenmuseum, Vondelstraat 140, Amsterdam Museum Nederlandse Cavalerie, BernharMdkazerne, Amersfoort Streekmuseum Baron van Brakel, Boerenwagens, Ommeren Boerderij- en Rijtuigmuseum Vreeburg, Schagen Rijtuigenmuseum Valkenswaard Germany: &hellip; <a href=\"https:\/\/www.thehorseinart.nl\/?page_id=6\" class=\"more-link\">Lees verder <span class=\"screen-reader-text\">Museums<\/span> <span class=\"meta-nav\">&rarr;<\/span><\/a><\/p>\n","protected":false},"author":1,"featured_media":0,"parent":0,"menu_order":0,"comment_status":"open","ping_status":"open","template":"","meta":{"footnotes":""},"class_list":["post-6","page","type-page","status-publish","hentry"],"yoast_head":"<!-- This site is optimized with the Yoast SEO plugin v27.5 - https:\/\/yoast.com\/product\/yoast-seo-wordpress\/ -->\n<title>museum of the horse<\/title>\n<meta name=\"description\" content=\"the horse in art, history, civilization, sport\" \/>\n<meta name=\"robots\" content=\"index, follow, max-snippet:-1, max-image-preview:large, max-video-preview:-1\" \/>\n<link rel=\"canonical\" href=\"https:\/\/www.thehorseinart.nl\/?page_id=6\" \/>\n<meta property=\"og:locale\" content=\"nl_NL\" \/>\n<meta property=\"og:type\" content=\"article\" \/>\n<meta property=\"og:title\" content=\"museum of the horse\" \/>\n<meta property=\"og:description\" content=\"the horse in art, history, civilization, sport\" \/>\n<meta property=\"og:url\" content=\"https:\/\/www.thehorseinart.nl\/?page_id=6\" \/>\n<meta property=\"og:site_name\" content=\"The Horse in Art\" \/>\n<meta property=\"article:publisher\" content=\"https:\/\/www.facebook.com\/boudewijn.commandeur\" \/>\n<meta property=\"article:modified_time\" content=\"2018-02-14T15:56:06+00:00\" \/>\n<meta name=\"twitter:card\" content=\"summary_large_image\" \/>\n<meta name=\"twitter:label1\" content=\"Verwachte leestijd\" \/>\n\t<meta name=\"twitter:data1\" content=\"3 minuten\" \/>\n<script type=\"application\/ld+json\" class=\"yoast-schema-graph\">{\"@context\":\"https:\\\/\\\/schema.org\",\"@graph\":[{\"@type\":\"WebPage\",\"@id\":\"https:\\\/\\\/www.thehorseinart.nl\\\/?page_id=6\",\"url\":\"https:\\\/\\\/www.thehorseinart.nl\\\/?page_id=6\",\"name\":\"museum of the horse\",\"isPartOf\":{\"@id\":\"https:\\\/\\\/www.thehorseinart.nl\\\/#website\"},\"datePublished\":\"2012-02-01T13:56:56+00:00\",\"dateModified\":\"2018-02-14T15:56:06+00:00\",\"description\":\"the horse in art, history, civilization, sport\",\"breadcrumb\":{\"@id\":\"https:\\\/\\\/www.thehorseinart.nl\\\/?page_id=6#breadcrumb\"},\"inLanguage\":\"nl-NL\",\"potentialAction\":[{\"@type\":\"ReadAction\",\"target\":[\"https:\\\/\\\/www.thehorseinart.nl\\\/?page_id=6\"]}]},{\"@type\":\"BreadcrumbList\",\"@id\":\"https:\\\/\\\/www.thehorseinart.nl\\\/?page_id=6#breadcrumb\",\"itemListElement\":[{\"@type\":\"ListItem\",\"position\":1,\"name\":\"Home\",\"item\":\"https:\\\/\\\/www.thehorseinart.nl\\\/\"},{\"@type\":\"ListItem\",\"position\":2,\"name\":\"Museums\"}]},{\"@type\":\"WebSite\",\"@id\":\"https:\\\/\\\/www.thehorseinart.nl\\\/#website\",\"url\":\"https:\\\/\\\/www.thehorseinart.nl\\\/\",\"name\":\"The Horse in Art\",\"description\":\"The Role of the Horse in Art and History\",\"potentialAction\":[{\"@type\":\"SearchAction\",\"target\":{\"@type\":\"EntryPoint\",\"urlTemplate\":\"https:\\\/\\\/www.thehorseinart.nl\\\/?s={search_term_string}\"},\"query-input\":{\"@type\":\"PropertyValueSpecification\",\"valueRequired\":true,\"valueName\":\"search_term_string\"}}],\"inLanguage\":\"nl-NL\"}]}<\/script>\n<!-- \/ Yoast SEO plugin. -->","yoast_head_json":{"title":"museum of the horse","description":"the horse in art, history, civilization, sport","robots":{"index":"index","follow":"follow","max-snippet":"max-snippet:-1","max-image-preview":"max-image-preview:large","max-video-preview":"max-video-preview:-1"},"canonical":"https:\/\/www.thehorseinart.nl\/?page_id=6","og_locale":"nl_NL","og_type":"article","og_title":"museum of the horse","og_description":"the horse in art, history, civilization, sport","og_url":"https:\/\/www.thehorseinart.nl\/?page_id=6","og_site_name":"The Horse in Art","article_publisher":"https:\/\/www.facebook.com\/boudewijn.commandeur","article_modified_time":"2018-02-14T15:56:06+00:00","twitter_card":"summary_large_image","twitter_misc":{"Verwachte leestijd":"3 minuten"},"schema":{"@context":"https:\/\/schema.org","@graph":[{"@type":"WebPage","@id":"https:\/\/www.thehorseinart.nl\/?page_id=6","url":"https:\/\/www.thehorseinart.nl\/?page_id=6","name":"museum of the horse","isPartOf":{"@id":"https:\/\/www.thehorseinart.nl\/#website"},"datePublished":"2012-02-01T13:56:56+00:00","dateModified":"2018-02-14T15:56:06+00:00","description":"the horse in art, history, civilization, sport","breadcrumb":{"@id":"https:\/\/www.thehorseinart.nl\/?page_id=6#breadcrumb"},"inLanguage":"nl-NL","potentialAction":[{"@type":"ReadAction","target":["https:\/\/www.thehorseinart.nl\/?page_id=6"]}]},{"@type":"BreadcrumbList","@id":"https:\/\/www.thehorseinart.nl\/?page_id=6#breadcrumb","itemListElement":[{"@type":"ListItem","position":1,"name":"Home","item":"https:\/\/www.thehorseinart.nl\/"},{"@type":"ListItem","position":2,"name":"Museums"}]},{"@type":"WebSite","@id":"https:\/\/www.thehorseinart.nl\/#website","url":"https:\/\/www.thehorseinart.nl\/","name":"The Horse in Art","description":"The Role of the Horse in Art and History","potentialAction":[{"@type":"SearchAction","target":{"@type":"EntryPoint","urlTemplate":"https:\/\/www.thehorseinart.nl\/?s={search_term_string}"},"query-input":{"@type":"PropertyValueSpecification","valueRequired":true,"valueName":"search_term_string"}}],"inLanguage":"nl-NL"}]}},"_links":{"self":[{"href":"https:\/\/www.thehorseinart.nl\/index.php?rest_route=\/wp\/v2\/pages\/6","targetHints":{"allow":["GET"]}}],"collection":[{"href":"https:\/\/www.thehorseinart.nl\/index.php?rest_route=\/wp\/v2\/pages"}],"about":[{"href":"https:\/\/www.thehorseinart.nl\/index.php?rest_route=\/wp\/v2\/types\/page"}],"author":[{"embeddable":true,"href":"https:\/\/www.thehorseinart.nl\/index.php?rest_route=\/wp\/v2\/users\/1"}],"replies":[{"embeddable":true,"href":"https:\/\/www.thehorseinart.nl\/index.php?rest_route=%2Fwp%2Fv2%2Fcomments&post=6"}],"version-history":[{"count":170,"href":"https:\/\/www.thehorseinart.nl\/index.php?rest_route=\/wp\/v2\/pages\/6\/revisions"}],"predecessor-version":[{"id":1936,"href":"https:\/\/www.thehorseinart.nl\/index.php?rest_route=\/wp\/v2\/pages\/6\/revisions\/1936"}],"wp:attachment":[{"href":"https:\/\/www.thehorseinart.nl\/index.php?rest_route=%2Fwp%2Fv2%2Fmedia&parent=6"}],"curies":[{"name":"wp","href":"https:\/\/api.w.org\/{rel}","templated":true}]}}